{"id":270,"date":"2013-12-20T14:31:43","date_gmt":"2013-12-20T14:31:43","guid":{"rendered":"http:\/\/etxabakoitz.info\/?page_id=270"},"modified":"2026-01-27T07:36:13","modified_gmt":"2026-01-27T07:36:13","slug":"asociacion-etxabakoitz-bizirik-elkartea","status":"publish","type":"page","link":"https:\/\/etxabakoitz.info\/?page_id=270","title":{"rendered":"\u00bfQui\u00e9nes somos? Nor gara?"},"content":{"rendered":"<p>Somos una asociaci\u00f3n vecinal del barrio de Etxabakoitz en Pamplona-Iru\u00f1ea. Desarrollamos un proyecto socioeducativo comunitario junto a los ni\u00f1os, ni\u00f1as, adolescentes y j\u00f3venes del barrio en el \u00e1mbito de la educaci\u00f3n no formal. Entre nuetros objetivos principales se encuentra la defensa de sus derechos individuales, colectivos y sociales, y siempre desde una perspectiva de igualdad de oportunidades ante las desigualdades que genera el sistema capitalista. Nuestras actividades est\u00e1n dirigidas a todo el sector de la poblaci\u00f3n infantil y adolescente de nuestro barrio, sin exclusiones de ning\u00fan tipo, y teniendo especialmente en cuenta a quienes se encuentren en situaciones de desventaja social. Tuvimos firmado desde el 2005 un concierto con el Ayuntamiento de Pamplona-Iru\u00f1ea, \u00e1rea de Servicios Sociales, por el que \u00e9ste se encargaba de financiar la contrataci\u00f3n de tres trabajadores (Equipo Comunitario de Infancia) y proporcionarles un espacio de trabajo (un piso en el edificio de la biblioteca). Por su parte, la Asociaci\u00f3n gestionaba el Servicio de Acci\u00f3n de Preventiva Comunitaria de Etxabakoitz (SAPC) que estaba compuesto por el personal educativo remunerado de la asociaci\u00f3n (3 educadoras), su monitorado de chavaler\u00eda del barrio y toda la red de activistas que tiene en el barrio (monitoras, familias, vecindario, otros colectivos del barrio,\u2026). Tras numerosos conflictos con el Ayuntamiento, Etxabakoitz Bizirik renov\u00f3 el concierto en diciembre de 2012, al igual que en otros 4 barrios de Iru\u00f1ea, mediante la f\u00f3rmula de concierto-contrato, prorrogable para 8 a\u00f1os. En el a\u00f1o 2019 se renov\u00f3 el contrato nuevamente por un a\u00f1o m\u00e1s y tres prorrogables, si bien el Ayuntamiento decidi\u00f3 rescindirlo a finales del 2020 y eliminar los SAPCs, al igual que en el resto de barrios de Iru\u00f1ea. A pesar de no contar con ning\u00fan tipo de financiaci\u00f3n municipal, la asociaci\u00f3n continua adelante con su labor comunitria y educativa en el barrio.<\/p>\n<p>El proyecto de Etxabakoitz Bizirik es una combinaci\u00f3n de actividades l\u00fadicas, deportivas, art\u00edsticas, culturales o formativas, todas ellas con car\u00e1cter socioeducativo. Una intervenci\u00f3n social que se adapta a las necesidades, motivaciones y demandas de la poblaci\u00f3n infantil y adolescente del barrio, intentando fortalecer los procesos de autonom\u00eda y participaci\u00f3n social en todos los \u00e1mbitos que les influyen, ya que ambas son las mejores herramientas preventivas para que chicos y chicas puedan empoderarse, hacer frente y combatir las adversas realidades y de desventaja social con las que conviven.<\/p>\n<p>Nuestro punto de partida son la defensa de los derechos del ni\u00f1o y ni\u00f1a que establece la Convenci\u00f3n de Naciones Unidas, pero caminando m\u00e1s all\u00e1 al respetar y trabajar por fortalecer su rol de protagonismo social, para generar as\u00ed una cultura de la participaci\u00f3n en la que ni\u00f1os, ni\u00f1as y adolescentes sean los verdaderos protagonistas. Entendemos que ni\u00f1os y ni\u00f1as no son s\u00f3lo sujetos de derechos sino tambi\u00e9n sujetos sociales, que con autonom\u00eda y participaci\u00f3n podr\u00e1n desarrollarse plenamente fuera de actitudes paternalistas o adultocr\u00e1ticas. Entendemos que a las y los adultos nos corresponde un rol de acompa\u00f1antes y orientadores.<\/p>\n<p>Otro de nuestros principales objetivos es generar espacios de convivencia intercultural entre los diferentes grupos que coexisten en el barrio, bien sean payos\/as, gitanos\/as o personas de otros or\u00edgenes o procedencias culturales. Unos espacios de encuentro y convivencia, en los que el respeto a la diferencia, y el mutuo conocimiento y reconocimiento hacia los dem\u00e1s, sean principios b\u00e1sicos. Una intervenci\u00f3n que, adem\u00e1s, aporta los valores humanos necesarios para reforzar las bases de un proceso de desarrollo vital en clave socioeducativa. Buscando con ello generar espacios de convivencia entre los diferentes grupos que coexisten en el barrio, en los que desde el respeto y la tolerancia sean principios b\u00e1sicos que se encaminen a la construcci\u00f3n de otros como la solidaridad, el compa\u00f1erismo, la igualdad, la pluralidad o la cooperaci\u00f3n entre diferentes que tienen en com\u00fan su pertenencia a una misma comunidad vecinal, el barrio de Etxabakoitz.<\/p>\n<p>Las actividades que desarrolla esta asociaci\u00f3n son: el circuito sociocomunitario o peque\u00f1a escuela comunitaria que se compone de tres ludotecas -chavolekus- y dos espacios juveniles -gaztetxoko y gazteleku-; apoyo escolar; colonias urbanas de primavera y verano; campamentos; equipos de futbito-txiki; f\u00fatbol kallejero; grupos de bailes (hip-hop; euskal dantzak; sevillanas; latinos) ; formaci\u00f3n de monitorado; actividades infantiles y juveniles en fechas se\u00f1aladas (fiestas del barrio, olentzero, carnavales, periodos vacacionales, d\u00eda de la asociaci\u00f3n, d\u00eda de los derechos de la infancia, caldereros,\u2026) Adem\u00e1s el local de la asociaci\u00f3n (el piso) siempre est\u00e1 abierto a toda la chavaler\u00eda del barrio que acude con mucha frecuencia, donde tienen una relaci\u00f3n muy directa con las y los educadores de la asociaci\u00f3n fundamentada en una amistad pedag\u00f3gica y un plano de horizontalidad. Tambi\u00e9n est\u00e1 abierto a todo el vecindario para realizar todo tipo de gestiones.<\/p>\n<p>Un Proyecto comunitario que est\u00e1 basado en la participaci\u00f3n relevante de las familias y vecindario, tanto en la estructura y \u00f3rganos de gesti\u00f3n de la asociaci\u00f3n, como por su presencia el desarrollo de las actividades como figuras educativas. Fundamentado en la colaboraci\u00f3n y participaci\u00f3n activa del vecindario, como monitorado y referentes educativos con permanencia constante en el territorio que conocen de primera mano a ni\u00f1os y ni\u00f1as. En definitiva, un Proyecto del barrio y para el barrio, con el que, adem\u00e1s de favorecer la promoci\u00f3n y el desarrollo de los ni\u00f1os, ni\u00f1as y adolescentes, busca generar espacios de convivencia vecinal en el barrio, as\u00ed como la transformaci\u00f3n social del mismo.<\/p>\n","protected":false},"excerpt":{"rendered":"<p>Somos una asociaci\u00f3n vecinal del barrio de Etxabakoitz en Pamplona-Iru\u00f1ea. Desarrollamos un proyecto socioeducativo comunitario junto a los ni\u00f1os, ni\u00f1as, adolescentes y j\u00f3venes del barrio en el \u00e1mbito de la educaci\u00f3n no formal. Entre nuetros objetivos principales se encuentra la defensa de sus derechos individuales, colectivos y sociales, y siempre desde una perspectiva de igualdad &#8230; <a title=\"\u00bfQui\u00e9nes somos? Nor gara?\" class=\"read-more\" href=\"https:\/\/etxabakoitz.info\/?page_id=270\" aria-label=\"Leer m\u00e1s sobre \u00bfQui\u00e9nes somos? Nor gara?\">Leer m\u00e1s<\/a><\/p>\n","protected":false},"author":1,"featured_media":0,"parent":0,"menu_order":0,"comment_status":"closed","ping_status":"closed","template":"","meta":{"footnotes":""},"class_list":["post-270","page","type-page","status-publish"],"_links":{"self":[{"href":"https:\/\/etxabakoitz.info\/index.php?rest_route=\/wp\/v2\/pages\/270","targetHints":{"allow":["GET"]}}],"collection":[{"href":"https:\/\/etxabakoitz.info\/index.php?rest_route=\/wp\/v2\/pages"}],"about":[{"href":"https:\/\/etxabakoitz.info\/index.php?rest_route=\/wp\/v2\/types\/page"}],"author":[{"embeddable":true,"href":"https:\/\/etxabakoitz.info\/index.php?rest_route=\/wp\/v2\/users\/1"}],"replies":[{"embeddable":true,"href":"https:\/\/etxabakoitz.info\/index.php?rest_route=%2Fwp%2Fv2%2Fcomments&post=270"}],"version-history":[{"count":23,"href":"https:\/\/etxabakoitz.info\/index.php?rest_route=\/wp\/v2\/pages\/270\/revisions"}],"predecessor-version":[{"id":1304,"href":"https:\/\/etxabakoitz.info\/index.php?rest_route=\/wp\/v2\/pages\/270\/revisions\/1304"}],"wp:attachment":[{"href":"https:\/\/etxabakoitz.info\/index.php?rest_route=%2Fwp%2Fv2%2Fmedia&parent=270"}],"curies":[{"name":"wp","href":"https:\/\/api.w.org\/{rel}","templated":true}]}}